{"id":6,"date":"2021-03-21T12:29:40","date_gmt":"2021-03-21T11:29:40","guid":{"rendered":"https:\/\/wl-s.eu\/blog\/?page_id=6"},"modified":"2021-03-21T21:47:01","modified_gmt":"2021-03-21T20:47:01","slug":"ueber-uns","status":"publish","type":"page","link":"https:\/\/wl-s.eu\/blog\/ueber-uns\/","title":{"rendered":"\u00dcber uns"},"content":{"rendered":"\n<hr class=\"wp-block-separator\"\/>\n\n\n\n<h2 class=\"wp-block-heading\">\u00dcber uns WL-S.eu<\/h2>\n\n\n\n<p>Wir sind ein Unternehmen, das sich auf die Herstellung von Modellbaukabeln, individuellen Kabelkonfektionierungen und Steckverbindern f\u00fcr Modellbau und Industrie spezialisiert hat und seit \u00fcber 20&nbsp;Jahren erfolgreich nahezu ausschlie\u00dflich in Deutschland produziert.<br><br>Wir <strong>schneiden, stanzen, l\u00f6ten, crimpen, spritzen und umspritzen <\/strong>mit hochwertigen Maschinen und Ger\u00e4ten deutscher oder europ\u00e4ischer Hersteller und arbeiten nur mit erfahrenen Programmierern, Werkzeug- und Maschinenbauern zusammen, um hohe Funktionalit\u00e4t und Langlebigkeit unserer Produkte zu erreichen.<br><br>In speziellen Fertigungsbereichen setzen wir Vollautomaten f\u00fcr den gesamten Produktionsablauf ein, um eine gleichbleibende Qualit\u00e4t der Produkte garantieren zu k\u00f6nnen. Neben unserer Produktpalette, die wir in unserem <strong>Onlinekatalog<\/strong> anbieten, verarbeiten wir au\u00dferdem auch<strong> Steckverbindersysteme der Firmen JST, Molex, TE und anderer Anbieter,<\/strong> die in vielen Industriebereichen Anwendung finden.<br><br>Auch <strong>kundenspezifische Sonderl\u00f6sungen<\/strong> sind kein Problem f\u00fcr uns. Fragen Sie danach, wir beraten Sie gern! Qualit\u00e4t und Kompetenz sind unsere St\u00e4rken.<\/p>\n\n\n\n<p>Ihr Christian J\u00fcnger<\/p>\n\n\n\n<p>Gesch\u00e4ftsf\u00fchrer Muldental Elektronik GmbH<\/p>\n","protected":false},"excerpt":{"rendered":"<p>\u00dcber uns WL-S.eu Wir sind ein Unternehmen, das sich auf die Herstellung von Modellbaukabeln, individuellen Kabelkonfektionierungen und Steckverbindern f\u00fcr Modellbau und Industrie spezialisiert hat und seit \u00fcber 20&nbsp;Jahren erfolgreich nahezu ausschlie\u00dflich in Deutschland produziert. Wir schneiden, stanzen, l\u00f6ten, crimpen, spritzen und umspritzen mit hochwertigen Maschinen und Ger\u00e4ten deutscher oder europ\u00e4ischer Hersteller und arbeiten nur mit [&hellip;]<\/p>\n","protected":false},"author":1,"featured_media":0,"parent":0,"menu_order":0,"comment_status":"closed","ping_status":"closed","template":"","meta":{"pgc_sgb_lightbox_settings":"","footnotes":""},"yoast_head":"<!-- This site is optimized with the Yoast SEO plugin v16.0.2 - https:\/\/yoast.com\/wordpress\/plugins\/seo\/ -->\r\n<title>\u00dcber uns - WL-S.eu - Blog<\/title>\r\n<link rel=\"canonical\" href=\"https:\/\/wl-s.eu\/blog\/ueber-uns\/\" \/>\r\n<meta property=\"og:locale\" content=\"de_DE\" \/>\r\n<meta property=\"og:type\" content=\"article\" \/>\r\n<meta property=\"og:title\" content=\"\u00dcber uns - WL-S.eu - Blog\" \/>\r\n<meta property=\"og:description\" content=\"\u00dcber uns WL-S.eu Wir sind ein Unternehmen, das sich auf die Herstellung von Modellbaukabeln, individuellen Kabelkonfektionierungen und Steckverbindern f\u00fcr Modellbau und Industrie spezialisiert hat und seit \u00fcber 20&nbsp;Jahren erfolgreich nahezu ausschlie\u00dflich in Deutschland produziert. Wir schneiden, stanzen, l\u00f6ten, crimpen, spritzen und umspritzen mit hochwertigen Maschinen und Ger\u00e4ten deutscher oder europ\u00e4ischer Hersteller und arbeiten nur mit [&hellip;]\" \/>\r\n<meta property=\"og:url\" content=\"https:\/\/wl-s.eu\/blog\/ueber-uns\/\" \/>\r\n<meta property=\"og:site_name\" content=\"WL-S.eu - Blog\" \/>\r\n<meta property=\"article:modified_time\" content=\"2021-03-21T20:47:01+00:00\" \/>\r\n<meta name=\"twitter:card\" content=\"summary_large_image\" \/>\r\n<meta name=\"twitter:label1\" content=\"Gesch\u00e4tzte Lesezeit\">\n\t<meta name=\"twitter:data1\" content=\"1\u00a0Minute\">\r\n<script type=\"application\/ld+json\" class=\"yoast-schema-graph\">{\"@context\":\"https:\/\/schema.org\",\"@graph\":[{\"@type\":\"WebSite\",\"@id\":\"https:\/\/wl-s.eu\/blog\/#website\",\"url\":\"https:\/\/wl-s.eu\/blog\/\",\"name\":\"WL-S.eu - Blog\",\"description\":\"Eine weitere WordPress-Website\",\"potentialAction\":[{\"@type\":\"SearchAction\",\"target\":\"https:\/\/wl-s.eu\/blog\/?s={search_term_string}\",\"query-input\":\"required name=search_term_string\"}],\"inLanguage\":\"de\"},{\"@type\":\"WebPage\",\"@id\":\"https:\/\/wl-s.eu\/blog\/ueber-uns\/#webpage\",\"url\":\"https:\/\/wl-s.eu\/blog\/ueber-uns\/\",\"name\":\"\\u00dcber uns - WL-S.eu - Blog\",\"isPartOf\":{\"@id\":\"https:\/\/wl-s.eu\/blog\/#website\"},\"datePublished\":\"2021-03-21T11:29:40+00:00\",\"dateModified\":\"2021-03-21T20:47:01+00:00\",\"breadcrumb\":{\"@id\":\"https:\/\/wl-s.eu\/blog\/ueber-uns\/#breadcrumb\"},\"inLanguage\":\"de\",\"potentialAction\":[{\"@type\":\"ReadAction\",\"target\":[\"https:\/\/wl-s.eu\/blog\/ueber-uns\/\"]}]},{\"@type\":\"BreadcrumbList\",\"@id\":\"https:\/\/wl-s.eu\/blog\/ueber-uns\/#breadcrumb\",\"itemListElement\":[{\"@type\":\"ListItem\",\"position\":1,\"item\":{\"@type\":\"WebPage\",\"@id\":\"https:\/\/wl-s.eu\/blog\/\",\"url\":\"https:\/\/wl-s.eu\/blog\/\",\"name\":\"Startseite\"}},{\"@type\":\"ListItem\",\"position\":2,\"item\":{\"@type\":\"WebPage\",\"@id\":\"https:\/\/wl-s.eu\/blog\/ueber-uns\/\",\"url\":\"https:\/\/wl-s.eu\/blog\/ueber-uns\/\",\"name\":\"\\u00dcber uns\"}}]}]}<\/script>\r\n<!-- \/ Yoast SEO plugin. -->","_links":{"self":[{"href":"https:\/\/wl-s.eu\/blog\/wp-json\/wp\/v2\/pages\/6"}],"collection":[{"href":"https:\/\/wl-s.eu\/blog\/wp-json\/wp\/v2\/pages"}],"about":[{"href":"https:\/\/wl-s.eu\/blog\/wp-json\/wp\/v2\/types\/page"}],"author":[{"embeddable":true,"href":"https:\/\/wl-s.eu\/blog\/wp-json\/wp\/v2\/users\/1"}],"replies":[{"embeddable":true,"href":"https:\/\/wl-s.eu\/blog\/wp-json\/wp\/v2\/comments?post=6"}],"version-history":[{"count":4,"href":"https:\/\/wl-s.eu\/blog\/wp-json\/wp\/v2\/pages\/6\/revisions"}],"predecessor-version":[{"id":84,"href":"https:\/\/wl-s.eu\/blog\/wp-json\/wp\/v2\/pages\/6\/revisions\/84"}],"wp:attachment":[{"href":"https:\/\/wl-s.eu\/blog\/wp-json\/wp\/v2\/media?parent=6"}],"curies":[{"name":"wp","href":"https:\/\/api.w.org\/{rel}","templated":true}]}}